{"id":148,"date":"2019-04-25T08:19:29","date_gmt":"2019-04-25T08:19:29","guid":{"rendered":"http:\/\/innolab.one\/?page_id=148"},"modified":"2020-05-05T12:25:11","modified_gmt":"2020-05-05T12:25:11","slug":"impressum-und-kontakt","status":"publish","type":"page","link":"http:\/\/innolab.one\/?page_id=148","title":{"rendered":"Impressum und Kontakt"},"content":{"rendered":"\r\n<p>Silvia Schneega\u00df Consulting<br \/>Wiedebachstra\u00dfe 10<br \/>04277 Leipzig<br \/>Tel. + 49 160 52 55 380 <br \/>E-Mail: info@schneegass-consulting.de<\/p>\r\n<p>Autor und verantwortlich f\u00fcr den Bereich &#8222;Diskussion&#8220;<br \/>Dr.-Ing. Gerd Arnold<br \/>gerdarnold1@gmail.com<\/p>\r\n<p>Es gelten die <a href=\"http:\/\/innolab.one\/?page_id=654\">AGB<\/a> und die <a href=\"http:\/\/innolab.one\/?page_id=657\">Datenschutzerkl\u00e4rung<\/a>.<\/p>\r\n\r\n\r\n\r\n<p>&nbsp;<\/p>\r\n\r\n\r\n\r\n<p>&nbsp;<\/p>\r\n","protected":false},"excerpt":{"rendered":"<p>Silvia Schneega\u00df ConsultingWiedebachstra\u00dfe 1004277 LeipzigTel. + 49 160 52 55 380 E-Mail: info@schneegass-consulting.de Autor und verantwortlich f\u00fcr den Bereich &#8222;Diskussion&#8220;Dr.-Ing. Gerd Arnoldgerdarnold1@gmail.com Es gelten die AGB und die Datenschutzerkl\u00e4rung. &nbsp; &nbsp;<\/p>\n","protected":false},"author":1,"featured_media":0,"parent":0,"menu_order":0,"comment_status":"closed","ping_status":"closed","template":"","meta":{"footnotes":""},"class_list":["post-148","page","type-page","status-publish","hentry"],"_links":{"self":[{"href":"http:\/\/innolab.one\/index.php?rest_route=\/wp\/v2\/pages\/148","targetHints":{"allow":["GET"]}}],"collection":[{"href":"http:\/\/innolab.one\/index.php?rest_route=\/wp\/v2\/pages"}],"about":[{"href":"http:\/\/innolab.one\/index.php?rest_route=\/wp\/v2\/types\/page"}],"author":[{"embeddable":true,"href":"http:\/\/innolab.one\/index.php?rest_route=\/wp\/v2\/users\/1"}],"replies":[{"embeddable":true,"href":"http:\/\/innolab.one\/index.php?rest_route=%2Fwp%2Fv2%2Fcomments&post=148"}],"version-history":[{"count":32,"href":"http:\/\/innolab.one\/index.php?rest_route=\/wp\/v2\/pages\/148\/revisions"}],"predecessor-version":[{"id":1233,"href":"http:\/\/innolab.one\/index.php?rest_route=\/wp\/v2\/pages\/148\/revisions\/1233"}],"wp:attachment":[{"href":"http:\/\/innolab.one\/index.php?rest_route=%2Fwp%2Fv2%2Fmedia&parent=148"}],"curies":[{"name":"wp","href":"https:\/\/api.w.org\/{rel}","templated":true}]}}