{"id":657,"date":"2019-08-29T16:56:22","date_gmt":"2019-08-29T16:56:22","guid":{"rendered":"http:\/\/innolab.one\/?page_id=657"},"modified":"2019-09-05T08:05:11","modified_gmt":"2019-09-05T08:05:11","slug":"datenschutzerklaerung","status":"publish","type":"page","link":"https:\/\/innolab.one\/?page_id=657","title":{"rendered":"Datenschutzerkl\u00e4rung"},"content":{"rendered":"\r\n<p>Der Verantwortliche im Sinne der Datenschutz-Grundverordnung und <span style=\"font-size: 1rem;\">Datenschutzbeauftragte ist:<\/span><\/p>\r\n<p>Silvia Schneega\u00df\u00a0<br \/>Tel. + 49 160 52 55 380 <br \/>E-Mail: info@schneegass-consulting.de<\/p>\r\n\r\n\r\n\r\n<p><strong>Information \u00fcber die Erhebung personenbezogener Daten<\/strong><br \/>Bei Ihrer Kontaktaufnahme mit uns per E-Mail oder \u00fcber ein Kontakt-Formular werden die von Ihnen mitgeteilten Daten von uns gespeichert. Die in diesem Zusammenhang anfallenden Daten l\u00f6schen wir, nachdem die Speicherung nicht mehr erforderlich ist, oder schr\u00e4nken die Verarbeitung ein, falls gesetzliche Aufbewahrungspflichten bestehen. Rechtsgrundlage ist Art. 6 Abs. 1 S. 1 lit. f DS-GVO oder, wenn es der Erf\u00fcllung eines Vertrags oder zur Durchf\u00fchrung vorvertraglicher Ma\u00dfnahmen dient, Art. 6 Abs. 1 S. 1 lit. b DS-GVO.<\/p>\r\n\r\n\r\n\r\n<p><strong>Ihre Rechte<\/strong><br \/>Sie haben uns gegen\u00fcber folgende Rechte hinsichtlich der Sie betreffenden personenbezogenen Daten:<br \/>Recht auf Auskunft<br \/>Recht auf Berichtigung oder L\u00f6schung<br \/>Recht auf Einschr\u00e4nkung der Verarbeitung<br \/>Recht auf Widerspruch gegen die Verarbeitung<br \/>Recht auf Daten\u00fcbertragbarkeit<\/p>\r\n\r\n\r\n\r\n<p><strong>Erhebung personenbezogener Daten bei Besuch unserer Website<br \/><\/strong> Bei der Nutzung der Website, also wenn Sie sich nicht registrieren oder uns anderweitig Informationen \u00fcbermitteln, erheben wir nur die personenbezogenen Daten, die Ihr Browser an unseren Server \u00fcbermittelt. Wenn Sie unsere Website betrachten m\u00f6chten, erheben wir die folgenden Daten, die f\u00fcr uns technisch erforderlich sind, um Ihnen unsere Website anzuzeigen und die Stabilit\u00e4t und Sicherheit zu gew\u00e4hrleisten (Rechtsgrundlage ist Art. 6 Abs. 1 S. 1 lit. f DS-GVO):<br \/>Das Betriebssystem des Nutzers und dessen Oberfl\u00e4che<br \/>Den Internet-Service-Provider des Nutzers<br \/>Die IP-Adresse des Nutzers<br \/>Datum und Uhrzeit des Zugriffs<br \/>Websites, von denen das System des Nutzers auf unsere Website gelangt<br \/>Websites, die vom System des Nutzers \u00fcber unsere Website aufgerufen werden<br \/>\u00fcbertragene Datenmenge<br \/>Zugriffsstatus\/HTTP-Statuscode<br \/>Zus\u00e4tzlich zu den zuvor genannten Daten k\u00f6nnen bei Ihrer Nutzung unserer Website Cookies auf Ihrem Rechner gespeichert werden. Cookies k\u00f6nnen keine Programme ausf\u00fchren oder Viren auf Ihren Computer \u00fcbertragen. Sie dienen dazu, das Internetangebot insgesamt nutzerfreundlicher und effektiver zu machen.<br \/>Sie k\u00f6nnen die Cookies in den Sicherheitseinstellungen Ihres Browsers jederzeit l\u00f6schen. Sie k\u00f6nnen Ihre Browser-Einstellung entsprechend Ihren W\u00fcnschen konfigurieren und z.B. die Annahme von allen Cookies ablehnen. Dann besteht die M\u00f6glichkeit dass Sie nicht alle Funktionen der Website nutzen k\u00f6nnen.<\/p>\r\n\r\n\r\n\r\n<p><strong>Buchungen<\/strong><br \/>Wenn Sie \u00fcber unsere Website die Teilnahme an Seminaren und Workshops buchen m\u00f6chten, ist es f\u00fcr den Vertragsabschluss erforderlich, dass Sie Ihre pers\u00f6nlichen Daten angeben. Die von Ihnen angegebenen Daten verarbeiten wir zur Abwicklung Ihrer Buchung. <br \/>Wir k\u00f6nnen die von Ihnen angegebenen Daten zudem verarbeiten, um Sie \u00fcber von uns angebotene Workshops, Seminare und weitere Dienstleistungen zu informieren.<\/p>\r\n\r\n\r\n\r\n<p><strong>Formulare<\/strong><br \/>Auf unserer Website finden Sie ggf verschiedene Formulare, mit denen Sie bestimmte Anfragen stellen oder Informationen hinterlassen k\u00f6nnen. Pflichtangaben sind in den einzelnen Formularen entsprechend gekennzeichnet. Die Angabe weiterer, gesondert markierter Daten ist freiwillig. Wir verwenden die Daten ausschlie\u00dflich zum Zweck der jeweils gestellten Anfrage. Die anfallenden Daten l\u00f6schen wir, nachdem die Speicherung nicht mehr erforderlich ist, oder schr\u00e4nken die Verarbeitung ein, falls gesetzliche Aufbewahrungspflichten bestehen. Rechtsgrundlage ist Art. 6 Abs. 1 S. 1 lit. f DS-GVO oder, wenn es der Erf\u00fcllung eines Vertrags oder zur Durchf\u00fchrung vorvertraglicher Ma\u00dfnahmen dient, Art. 6 Abs. 1 S. 1 lit. b DS-GVO.<\/p>\r\n\r\n\r\n\r\n<p><strong>E-Mail<\/strong><br \/>Mit Ihrer Einwilligung k\u00f6nnen Sie unseren Newsletter, Whitepaper und andere E-Mail Dienste abonnieren. Die beworbenen Dienstleistungen sind in der Einwilligungserkl\u00e4rung benannt.<br \/>F\u00fcr die Anmeldung zu unserem E-Mail Dienst verwenden wir das Double-Opt-In-Verfahren. Das hei\u00dft, dass wir Ihnen nach Ihrer Anmeldung eine E-Mail an die angegebene E-Mail-Adresse senden, in welcher wir Sie um Best\u00e4tigung bitten, dass Sie den Versand des Newsletters w\u00fcnschen. Dar\u00fcber hinaus speichern wir jeweils Ihre eingesetzten IP-Adressen und Zeitpunkte der Anmeldung und Best\u00e4tigung. Zweck des Verfahrens ist, Ihre Anmeldung nachweisen und ggf. einen m\u00f6glichen Missbrauch Ihrer pers\u00f6nlichen Daten aufkl\u00e4ren zu k\u00f6nnen.<br \/>Pflichtangabe f\u00fcr die \u00dcbersendung von E-Mails im Rahmen des E-Mail Dienstes ist allein Ihre E-Mail-Adresse. Nach Ihrer Best\u00e4tigung speichern wir Ihre E-Mail-Adresse zum Zweck der Zusendung des Newsletters. Rechtsgrundlage ist Art. 6 Abs. 1 S. 1 lit. a DS-GVO.<br \/>Ihre Einwilligung in die \u00dcbersendung des Newsletters k\u00f6nnen Sie jederzeit widerrufen und den Newsletter abbestellen. Den Widerruf k\u00f6nnen Sie durch Klick auf den in jeder Newsletter-E-Mail bereitgestellten Link oder durch eine Nachricht an die im Impressum angegebenen Kontaktdaten erkl\u00e4ren.<\/p>\r\n\r\n\r\n\r\n<p><strong>Aktualisierung dieser Datenschutzerkl\u00e4rung<\/strong><br \/>Wir behalten uns vor, diese Datenschutzerkl\u00e4rung bei Bedarf zur Anpassung an technische Entwicklungen oder im Zusammenhang mit dem Angebot neuer Dienstleistungen oder Produkte zu aktualisieren. Die aktuelle Version k\u00f6nnen Sie stets auf der Internetseite einsehen.<\/p>\r\n","protected":false},"excerpt":{"rendered":"<p>Der Verantwortliche im Sinne der Datenschutz-Grundverordnung und Datenschutzbeauftragte ist: Silvia Schneega\u00df\u00a0Tel. + 49 160 52 55 380 E-Mail: info@schneegass-consulting.de Information \u00fcber die Erhebung personenbezogener DatenBei Ihrer Kontaktaufnahme mit uns per E-Mail oder \u00fcber ein Kontakt-Formular werden die von Ihnen mitgeteilten Daten von uns gespeichert. Die in diesem Zusammenhang anfallenden Daten l\u00f6schen wir, nachdem die Speicherung nicht mehr erforderlich ist, oder schr\u00e4nken die Verarbeitung ein, falls gesetzliche Aufbewahrungspflichten bestehen. Rechtsgrundlage ist Art. 6 Abs. 1 S. 1 lit. f DS-GVO oder, wenn es der Erf\u00fcllung eines Vertrags oder zur Durchf\u00fchrung vorvertraglicher Ma\u00dfnahmen dient, Art. 6 Abs. 1 S. 1 lit. b DS-GVO. Ihre RechteSie haben uns gegen\u00fcber folgende Rechte hinsichtlich der Sie betreffenden personenbezogenen Daten:Recht auf AuskunftRecht auf Berichtigung oder L\u00f6schungRecht auf Einschr\u00e4nkung der VerarbeitungRecht auf Widerspruch gegen die VerarbeitungRecht auf Daten\u00fcbertragbarkeit Erhebung personenbezogener Daten bei Besuch unserer Website Bei der Nutzung der Website, also wenn Sie sich nicht registrieren oder uns anderweitig Informationen \u00fcbermitteln, erheben wir nur die personenbezogenen Daten, die Ihr Browser an unseren Server \u00fcbermittelt. Wenn Sie unsere Website betrachten m\u00f6chten, erheben wir die folgenden Daten, die f\u00fcr uns technisch erforderlich sind, um Ihnen unsere Website anzuzeigen und die Stabilit\u00e4t und Sicherheit zu gew\u00e4hrleisten (Rechtsgrundlage ist Art. 6 Abs. 1 S. 1 lit. f DS-GVO):Das Betriebssystem des Nutzers und dessen Oberfl\u00e4cheDen Internet-Service-Provider des NutzersDie IP-Adresse des NutzersDatum und Uhrzeit des ZugriffsWebsites, von denen das System des Nutzers auf unsere Website gelangtWebsites, die vom System des Nutzers \u00fcber unsere Website aufgerufen werden\u00fcbertragene DatenmengeZugriffsstatus\/HTTP-StatuscodeZus\u00e4tzlich zu den zuvor genannten Daten k\u00f6nnen bei Ihrer Nutzung unserer Website Cookies auf Ihrem Rechner gespeichert werden. Cookies k\u00f6nnen keine Programme ausf\u00fchren oder Viren auf Ihren Computer \u00fcbertragen. Sie dienen dazu, das Internetangebot insgesamt nutzerfreundlicher und effektiver zu machen.Sie k\u00f6nnen die Cookies in den Sicherheitseinstellungen Ihres Browsers jederzeit l\u00f6schen. Sie k\u00f6nnen Ihre Browser-Einstellung entsprechend Ihren W\u00fcnschen konfigurieren und z.B. die Annahme von allen Cookies ablehnen. Dann besteht die M\u00f6glichkeit dass Sie nicht alle Funktionen der Website nutzen k\u00f6nnen. BuchungenWenn Sie \u00fcber unsere Website die Teilnahme an Seminaren und Workshops buchen m\u00f6chten, ist es f\u00fcr den Vertragsabschluss erforderlich, dass Sie Ihre pers\u00f6nlichen Daten angeben. Die von Ihnen angegebenen Daten verarbeiten wir zur Abwicklung Ihrer Buchung. Wir k\u00f6nnen die von Ihnen angegebenen Daten zudem verarbeiten, um Sie \u00fcber von uns angebotene Workshops, Seminare und weitere Dienstleistungen zu informieren. FormulareAuf unserer Website finden Sie ggf verschiedene Formulare, mit denen Sie bestimmte Anfragen stellen oder Informationen hinterlassen k\u00f6nnen. Pflichtangaben sind in den einzelnen Formularen entsprechend gekennzeichnet. Die Angabe weiterer, gesondert markierter Daten ist freiwillig. Wir verwenden die Daten ausschlie\u00dflich zum Zweck der jeweils gestellten Anfrage. Die anfallenden Daten l\u00f6schen wir, nachdem die Speicherung nicht mehr erforderlich ist, oder schr\u00e4nken die Verarbeitung ein, falls gesetzliche Aufbewahrungspflichten bestehen. Rechtsgrundlage ist Art. 6 Abs. 1 S. 1 lit. f DS-GVO oder, wenn es der Erf\u00fcllung eines Vertrags oder zur Durchf\u00fchrung vorvertraglicher Ma\u00dfnahmen dient, Art. 6 Abs. 1 S. 1 lit. b DS-GVO. E-MailMit Ihrer Einwilligung k\u00f6nnen Sie unseren Newsletter, Whitepaper und andere E-Mail Dienste abonnieren. Die beworbenen Dienstleistungen sind in der Einwilligungserkl\u00e4rung benannt.F\u00fcr die Anmeldung zu unserem E-Mail Dienst verwenden wir das Double-Opt-In-Verfahren. Das hei\u00dft, dass wir Ihnen nach Ihrer Anmeldung eine E-Mail an die angegebene E-Mail-Adresse senden, in welcher wir Sie um Best\u00e4tigung bitten, dass Sie den Versand des Newsletters w\u00fcnschen. Dar\u00fcber hinaus speichern wir jeweils Ihre eingesetzten IP-Adressen und Zeitpunkte der Anmeldung und Best\u00e4tigung. Zweck des Verfahrens ist, Ihre Anmeldung nachweisen und ggf. einen m\u00f6glichen Missbrauch Ihrer pers\u00f6nlichen Daten aufkl\u00e4ren zu k\u00f6nnen.Pflichtangabe f\u00fcr die \u00dcbersendung von E-Mails im Rahmen des E-Mail Dienstes ist allein Ihre E-Mail-Adresse. Nach Ihrer Best\u00e4tigung speichern wir Ihre E-Mail-Adresse zum Zweck der Zusendung des Newsletters. Rechtsgrundlage ist Art. 6 Abs. 1 S. 1 lit. a DS-GVO.Ihre Einwilligung in die \u00dcbersendung des Newsletters k\u00f6nnen Sie jederzeit widerrufen und den Newsletter abbestellen. Den Widerruf k\u00f6nnen Sie durch Klick auf den in jeder Newsletter-E-Mail bereitgestellten Link oder durch eine Nachricht an die im Impressum angegebenen Kontaktdaten erkl\u00e4ren. Aktualisierung dieser Datenschutzerkl\u00e4rungWir behalten uns vor, diese Datenschutzerkl\u00e4rung bei Bedarf zur Anpassung an technische Entwicklungen oder im Zusammenhang mit dem Angebot neuer Dienstleistungen oder Produkte zu aktualisieren. Die aktuelle Version k\u00f6nnen Sie stets auf der Internetseite einsehen.<\/p>\n","protected":false},"author":1,"featured_media":0,"parent":0,"menu_order":0,"comment_status":"closed","ping_status":"closed","template":"","meta":{"footnotes":""},"class_list":["post-657","page","type-page","status-publish","hentry"],"_links":{"self":[{"href":"https:\/\/innolab.one\/index.php?rest_route=\/wp\/v2\/pages\/657","targetHints":{"allow":["GET"]}}],"collection":[{"href":"https:\/\/innolab.one\/index.php?rest_route=\/wp\/v2\/pages"}],"about":[{"href":"https:\/\/innolab.one\/index.php?rest_route=\/wp\/v2\/types\/page"}],"author":[{"embeddable":true,"href":"https:\/\/innolab.one\/index.php?rest_route=\/wp\/v2\/users\/1"}],"replies":[{"embeddable":true,"href":"https:\/\/innolab.one\/index.php?rest_route=%2Fwp%2Fv2%2Fcomments&post=657"}],"version-history":[{"count":2,"href":"https:\/\/innolab.one\/index.php?rest_route=\/wp\/v2\/pages\/657\/revisions"}],"predecessor-version":[{"id":725,"href":"https:\/\/innolab.one\/index.php?rest_route=\/wp\/v2\/pages\/657\/revisions\/725"}],"wp:attachment":[{"href":"https:\/\/innolab.one\/index.php?rest_route=%2Fwp%2Fv2%2Fmedia&parent=657"}],"curies":[{"name":"wp","href":"https:\/\/api.w.org\/{rel}","templated":true}]}}